{"id":304,"date":"2026-01-12T20:00:59","date_gmt":"2026-01-12T20:00:59","guid":{"rendered":"https:\/\/heartstringsinmotion.org\/?page_id=304"},"modified":"2026-01-15T19:37:57","modified_gmt":"2026-01-15T19:37:57","slug":"gofundme-fr","status":"publish","type":"page","link":"https:\/\/heartstringsinmotion.org\/fr\/gofundme-fr\/","title":{"rendered":"gofundme-fr"},"content":{"rendered":"<div data-elementor-type=\"wp-page\" data-elementor-id=\"304\" class=\"elementor elementor-304\">\n\t\t\t\t<div class=\"elementor-element elementor-element-c21ebb9 e-flex e-con-boxed e-con e-parent\" data-id=\"c21ebb9\" data-element_type=\"container\" data-e-type=\"container\">\n\t\t\t\t\t<div class=\"e-con-inner\">\n\t\t<div class=\"elementor-element elementor-element-d44fa5a e-con-full e-flex e-con e-child\" data-id=\"d44fa5a\" data-element_type=\"container\" data-e-type=\"container\">\n\t\t\t\t<div class=\"elementor-element elementor-element-b36e514 elementor-widget elementor-widget-image\" data-id=\"b36e514\" data-element_type=\"widget\" data-e-type=\"widget\" data-widget_type=\"image.default\">\n\t\t\t\t\t\t\t\t\t\t\t\t\t\t\t\t<a href=\"https:\/\/heartstringsinmotion.org\/\/fr\" target=\"_blank\">\n\t\t\t\t\t\t\t<img fetchpriority=\"high\" decoding=\"async\" width=\"300\" height=\"227\" src=\"https:\/\/heartstringsinmotion.org\/wp-content\/uploads\/2026\/01\/Heartstrings-In-Motion-\u2014-OFFICIAL-LOGO-UPDATED-FRENCH-300x227.png\" class=\"attachment-medium size-medium wp-image-361\" alt=\"\" srcset=\"https:\/\/heartstringsinmotion.org\/wp-content\/uploads\/2026\/01\/Heartstrings-In-Motion-\u2014-OFFICIAL-LOGO-UPDATED-FRENCH-300x227.png 300w, https:\/\/heartstringsinmotion.org\/wp-content\/uploads\/2026\/01\/Heartstrings-In-Motion-\u2014-OFFICIAL-LOGO-UPDATED-FRENCH-1024x773.png 1024w, https:\/\/heartstringsinmotion.org\/wp-content\/uploads\/2026\/01\/Heartstrings-In-Motion-\u2014-OFFICIAL-LOGO-UPDATED-FRENCH-768x580.png 768w, https:\/\/heartstringsinmotion.org\/wp-content\/uploads\/2026\/01\/Heartstrings-In-Motion-\u2014-OFFICIAL-LOGO-UPDATED-FRENCH-1536x1160.png 1536w, https:\/\/heartstringsinmotion.org\/wp-content\/uploads\/2026\/01\/Heartstrings-In-Motion-\u2014-OFFICIAL-LOGO-UPDATED-FRENCH-2048x1547.png 2048w, https:\/\/heartstringsinmotion.org\/wp-content\/uploads\/2026\/01\/Heartstrings-In-Motion-\u2014-OFFICIAL-LOGO-UPDATED-FRENCH-16x12.png 16w\" sizes=\"(max-width: 300px) 100vw, 300px\" \/>\t\t\t\t\t\t\t\t<\/a>\n\t\t\t\t\t\t\t\t\t\t\t\t\t\t\t<\/div>\n\t\t\t\t<\/div>\n\t\t\t\t\t<\/div>\n\t\t\t\t<\/div>\n\t\t<div class=\"elementor-element elementor-element-8acfd97 e-flex e-con-boxed e-con e-parent\" data-id=\"8acfd97\" data-element_type=\"container\" data-e-type=\"container\">\n\t\t\t\t\t<div class=\"e-con-inner\">\n\t\t\t\t<div class=\"elementor-element elementor-element-b33a50d elementor-widget elementor-widget-heading\" data-id=\"b33a50d\" data-element_type=\"widget\" data-e-type=\"widget\" data-widget_type=\"heading.default\">\n\t\t\t\t\t<h2 class=\"elementor-heading-title elementor-size-default\"><b>Parce que les parents ne sont pas cens\u00e9s \u00eatre des proches aidants pour toujours<\/b> !<\/h2>\t\t\t\t<\/div>\n\t\t\t\t\t<\/div>\n\t\t\t\t<\/div>\n\t\t<div class=\"elementor-element elementor-element-480ac05 e-flex e-con-boxed e-con e-parent\" data-id=\"480ac05\" data-element_type=\"container\" data-e-type=\"container\">\n\t\t\t\t\t<div class=\"e-con-inner\">\n\t\t<div class=\"elementor-element elementor-element-9cd45ac e-con-full e-flex e-con e-child\" data-id=\"9cd45ac\" data-element_type=\"container\" data-e-type=\"container\">\n\t\t\t\t<div class=\"elementor-element elementor-element-ce7cea9 elementor-widget elementor-widget-image\" data-id=\"ce7cea9\" data-element_type=\"widget\" data-e-type=\"widget\" data-widget_type=\"image.default\">\n\t\t\t\t\t\t\t\t\t\t\t\t\t\t\t<img decoding=\"async\" width=\"1024\" height=\"583\" src=\"https:\/\/heartstringsinmotion.org\/wp-content\/uploads\/2026\/01\/robichaud-family-1024x583.png\" class=\"attachment-large size-large wp-image-19\" alt=\"\" srcset=\"https:\/\/heartstringsinmotion.org\/wp-content\/uploads\/2026\/01\/robichaud-family-1024x583.png 1024w, https:\/\/heartstringsinmotion.org\/wp-content\/uploads\/2026\/01\/robichaud-family-300x171.png 300w, https:\/\/heartstringsinmotion.org\/wp-content\/uploads\/2026\/01\/robichaud-family-768x437.png 768w, https:\/\/heartstringsinmotion.org\/wp-content\/uploads\/2026\/01\/robichaud-family.png 1114w\" sizes=\"(max-width: 1024px) 100vw, 1024px\" \/>\t\t\t\t\t\t\t\t\t\t\t\t\t\t\t<\/div>\n\t\t\t\t<\/div>\n\t\t<div class=\"elementor-element elementor-element-8094fca e-con-full e-flex e-con e-child\" data-id=\"8094fca\" data-element_type=\"container\" data-e-type=\"container\">\n\t\t\t\t<div class=\"elementor-element elementor-element-297d370 elementor-widget elementor-widget-text-editor\" data-id=\"297d370\" data-element_type=\"widget\" data-e-type=\"widget\" data-widget_type=\"text-editor.default\">\n\t\t\t\t\t\t\t\t\t<p>Mon nom est Susan, et voici ma famille sur la photo. Mon mari Paul et moi faisons partie de cette population vieillissante de parents et de proches aidants ici au Nouveau-Brunswick, principalement dans la r\u00e9gion du Grand Moncton et des environs. Depuis 18 ans, je suis la principale d\u00e9fenseure de notre fils, Vincent, qui est n\u00e9 avec des d\u00e9fis neurod\u00e9veloppementaux uniques et complexes. Nous continuons de tenir notre promesse : le soutenir et prot\u00e9ger ses int\u00e9r\u00eats aussi longtemps que nous le pourrons.<\/p>\t\t\t\t\t\t\t\t<\/div>\n\t\t\t\t<\/div>\n\t\t\t\t\t<\/div>\n\t\t\t\t<\/div>\n\t\t<div class=\"elementor-element elementor-element-ced0aca e-flex e-con-boxed e-con e-parent\" data-id=\"ced0aca\" data-element_type=\"container\" data-e-type=\"container\">\n\t\t\t\t\t<div class=\"e-con-inner\">\n\t\t\t\t<div class=\"elementor-element elementor-element-3e8bba9 elementor-widget elementor-widget-heading\" data-id=\"3e8bba9\" data-element_type=\"widget\" data-e-type=\"widget\" data-widget_type=\"heading.default\">\n\t\t\t\t\t<h2 class=\"elementor-heading-title elementor-size-default\">La r\u00e9alit\u00e9 ind\u00e9niable d'un combat \u00e0 contre-courant<\/h2>\t\t\t\t<\/div>\n\t\t\t\t<div class=\"elementor-element elementor-element-14cbec4 elementor-widget__width-initial elementor-widget elementor-widget-text-editor\" data-id=\"14cbec4\" data-element_type=\"widget\" data-e-type=\"widget\" data-no-translation=\"\" data-widget_type=\"text-editor.default\">\n\t\t\t\t\t\t\t\t\t<p data-path-to-node=\"5\">Pendant des ann\u00e9es, j&#8217;ai ressenti l&#8217;\u00e9puisement d&#8217;avoir \u00e0 expliquer sans cesse les nuances de la neurodivergence de mon fils, pour ne r\u00e9colter, la plupart du temps, que de l&#8217;incompr\u00e9hension ou de l&#8217;indiff\u00e9rence. Cet effort constant est plus que fatiguant \u2014 il est \u00e9puisant. Prendre soin d&#8217;un proche \u00e0 long terme sans le soutien ad\u00e9quat gruge nos ressources, impacte le bien-\u00eatre de nos familles et m\u00e8ne \u00e0 un cycle de stress chronique et de probl\u00e8mes de sant\u00e9 qu&#8217;aucun parent ne devrait avoir \u00e0 porter seul.<\/p><p data-path-to-node=\"6\">La soci\u00e9t\u00e9 encourage notre fils \u00e0 \u00eatre \u00ab comme tout le monde \u00bb et il d\u00e9ploie toute son \u00e9nergie pour r\u00e9pondre \u00e0 ces attentes. Pourtant, son cerveau ne peut supporter cette pression qu&#8217;un certain temps. Pour nos enfants chronologiquement matures, mais au d\u00e9veloppement vuln\u00e9rable \u2014 ceux qui ont quitt\u00e9 le syst\u00e8me scolaire mais qui auront toujours besoin d&#8217;un soutien 24\/7 \u2014 naviguer dans un monde sans filtre m\u00e8ne \u00e0 des luttes silencieuses et \u00e0 un \u00e9puisement \u00e9motionnel profond. Lorsqu&#8217;ils reviennent dans le seul endroit s\u00e9curisant qu&#8217;ils connaissent, leur foyer, cette frustration accumul\u00e9e explose souvent, cr\u00e9ant une instabilit\u00e9 constante qui consomme l&#8217;\u00e9nergie de toute la famille. Cela compromet la s\u00e9curit\u00e9 et la paix que nos maisons sont cens\u00e9es offrir.<\/p><p data-path-to-node=\"7\">Malgr\u00e9 ces d\u00e9fis, notre famille a eu la chance de croiser des personnes incroyables en chemin. Des experts authentiques et compatissants qui savent instinctivement comment sortir des sentiers battus de l&#8217;int\u00e9gration communautaire classique. Ces personnes nous ont permis d&#8217;entrevoir ce qui est possible lorsque le c\u0153ur et l&#8217;expertise s&#8217;unissent. Ils pratiquent d\u00e9j\u00e0 la philosophie de \u00ab Heart Strings \u00bb et ont inspir\u00e9 notre mod\u00e8le de soutien individualis\u00e9. Bien que leur approche \u2014 bas\u00e9e sur l&#8217;\u00e9coute r\u00e9elle et la compr\u00e9hension \u2014 soit exceptionnelle, un tel niveau de soutien ne devrait pas \u00eatre une question de chance.<\/p><p data-path-to-node=\"8\">Cette campagne de financement est n\u00e9e des questions et des peurs qui hantent chaque parent vieillissant. C&#8217;est pr\u00e9cis\u00e9ment pour cela que nous \u00e9levons les standards d&#8217;inclusion communautaire pour nos enfants qui resteront toujours d\u00e9pendants.<\/p>\t\t\t\t\t\t\t\t<\/div>\n\t\t\t\t<div class=\"elementor-element elementor-element-061d4dc elementor-widget elementor-widget-heading\" data-id=\"061d4dc\" data-element_type=\"widget\" data-e-type=\"widget\" data-widget_type=\"heading.default\">\n\t\t\t\t\t<h2 class=\"elementor-heading-title elementor-size-default\">Le mod\u00e8le innovant du Carrefour Communautaire \u00ab Dual-Pod \u00bb : Passer des soins institutionnels au logement permanent avec soutien psychologique individualis\u00e9.<\/h2>\t\t\t\t<\/div>\n\t\t\t\t<div class=\"elementor-element elementor-element-c7061e9 elementor-widget__width-initial elementor-widget elementor-widget-text-editor\" data-id=\"c7061e9\" data-element_type=\"widget\" data-e-type=\"widget\" data-no-translation=\"\" data-widget_type=\"text-editor.default\">\n\t\t\t\t\t\t\t\t\t<p data-path-to-node=\"10\">Nous n&#8217;avons pas seulement r\u00eav\u00e9 de ce projet ; nous avons v\u00e9cu les failles du syst\u00e8me actuel. Nous avons pris ce qu&#8217;il y a de mieux et nous renfor\u00e7ons tout le reste.<\/p><p data-path-to-node=\"11\">Pour ceux qui ont l&#8217;apparence physique d&#8217;un adulte mais qui naviguent dans le monde avec le c\u0153ur et la logique d&#8217;un enfant, les logements traditionnels \u2014 qu&#8217;il s&#8217;agisse d&#8217;appartements isol\u00e9s ou de grandes institutions \u2014 sont souvent un \u00e9chec. <b data-path-to-node=\"11\" data-index-in-node=\"243\">Heart Strings In Motion<\/b> propose une solution durable : un Carrefour Communautaire \u00ab Dual-Pod \u00bb unique. Ce mod\u00e8le offrira des studios priv\u00e9s, adapt\u00e9s pour la r\u00e9gulation sensorielle, avec un syst\u00e8me de \u00ab Compagnons communautaires \u00bb \u2014 un cercle de soutien d\u00e9di\u00e9 qui offre la guidance et le filet de s\u00e9curit\u00e9 n\u00e9cessaires pour s&#8217;\u00e9panouir.<\/p><p data-path-to-node=\"12\">En combinant l&#8217;exp\u00e9rience des parents et une expertise en psychologie reconnue, nous cr\u00e9ons un petit voisinage o\u00f9 nos enfants peuvent enfin ressentir la fiert\u00e9 de l&#8217;autonomie sans jamais perdre leur ancrage de s\u00e9curit\u00e9. Ce faisant, nous offrons aux parents vieillissants le plus beau des cadeaux : la libert\u00e9 de d\u00e9laisser la gestion de crise constante pour redevenir, tout simplement, une famille.<\/p>\t\t\t\t\t\t\t\t<\/div>\n\t\t\t\t<div class=\"elementor-element elementor-element-2b40b29 elementor-widget elementor-widget-heading\" data-id=\"2b40b29\" data-element_type=\"widget\" data-e-type=\"widget\" data-widget_type=\"heading.default\">\n\t\t\t\t\t<h2 class=\"elementor-heading-title elementor-size-default\">NOTRE OBJECTIF IMM\u00c9DIAT : 35 000 $ pour d\u00e9bloquer 4 millions $ d'ici quelques ann\u00e9es.<\/h2>\t\t\t\t<\/div>\n\t\t\t\t<div class=\"elementor-element elementor-element-f19d0d2 elementor-widget__width-initial elementor-widget elementor-widget-text-editor\" data-id=\"f19d0d2\" data-element_type=\"widget\" data-e-type=\"widget\" data-no-translation=\"\" data-widget_type=\"text-editor.default\">\n\t\t\t\t\t\t\t\t\t<p data-path-to-node=\"14\">Nous estimons \u00e0 4 millions de dollars le co\u00fbt total pour donner vie \u00e0 cette vision. Cela englobe chaque \u00e9tape : de l&#8217;achat du terrain aux plans sp\u00e9cialis\u00e9s, jusqu&#8217;\u00e0 la construction d&#8217;un carrefour communautaire \u00ab cl\u00e9 en main \u00bb pour nos proches.<\/p><p data-path-to-node=\"15\">Pour obtenir ce financement de grande envergure, nous devons d&#8217;abord d\u00e9montrer un solide appui de la communaut\u00e9. Atteindre notre premier objectif de 35 000 $ est l&#8217;\u00e9tape essentielle ; cela prouve aux bailleurs de fonds institutionnels que la communaut\u00e9 soutient cette vision, nous donnant l&#8217;\u00e9lan n\u00e9cessaire pour d\u00e9bloquer les 4 millions de dollars pour la construction.<\/p><p data-path-to-node=\"16\">Cette campagne GoFundMe restera active pendant que nous travaillons ensemble \u00e0 b\u00e2tir cette solution durable et \u00e0 offrir la paix d&#8217;esprit dont notre communaut\u00e9 de parents et proches aidants r\u00eave depuis si longtemps.<\/p>\t\t\t\t\t\t\t\t<\/div>\n\t\t\t\t<div class=\"elementor-element elementor-element-a53bfc2 elementor-widget elementor-widget-heading\" data-id=\"a53bfc2\" data-element_type=\"widget\" data-e-type=\"widget\" data-widget_type=\"heading.default\">\n\t\t\t\t\t<h2 class=\"elementor-heading-title elementor-size-default\">Heart Strings In Motion est la solution que nous attendions...<\/h2>\t\t\t\t<\/div>\n\t\t\t\t<div class=\"elementor-element elementor-element-b59975b elementor-widget__width-initial elementor-widget elementor-widget-text-editor\" data-id=\"b59975b\" data-element_type=\"widget\" data-e-type=\"widget\" data-no-translation=\"\" data-widget_type=\"text-editor.default\">\n\t\t\t\t\t\t\t\t\t<p data-path-to-node=\"18\"><strong>\u2014 NOUS NE POUVONS PAS B\u00c2TIR CELA SANS VOUS. SEREZ-VOUS \u00c0 NOS C\u00d4T\u00c9S ?<\/strong><br \/><br \/>Voici comment vous pouvez aider :<\/p><ol start=\"1\" data-path-to-node=\"19\"><li><p data-path-to-node=\"19,0,0\"><b data-path-to-node=\"19,0,0\" data-index-in-node=\"0\">Faites un don :<\/b> Qu&#8217;il s&#8217;agisse de 5 $ ou de 50 $, chaque don compte et nous aide \u00e0 cr\u00e9er l&#8217;\u00e9lan n\u00e9cessaire.<\/p><\/li><li><p data-path-to-node=\"19,1,0\"><b data-path-to-node=\"19,1,0\" data-index-in-node=\"0\">Devenez un ambassadeur :<\/b> Partagez notre campagne avec vos proches et aidez-nous \u00e0 rejoindre ceux qui croient en cette vision.<\/p><\/li><li><p data-path-to-node=\"19,2,0\"><b data-path-to-node=\"19,2,0\" data-index-in-node=\"0\">Suivez notre parcours :<\/b> Participez \u00e0 la conversation et soyez t\u00e9moins du d\u00e9veloppement de cette solution qui change des vies.<\/p><\/li><\/ol>\t\t\t\t\t\t\t\t<\/div>\n\t\t\t\t<div class=\"elementor-element elementor-element-efe15a4 elementor-widget elementor-widget-image\" data-id=\"efe15a4\" data-element_type=\"widget\" data-e-type=\"widget\" data-widget_type=\"image.default\">\n\t\t\t\t\t\t\t\t\t\t\t\t\t\t\t<img decoding=\"async\" width=\"944\" height=\"533\" src=\"https:\/\/heartstringsinmotion.org\/wp-content\/uploads\/2026\/01\/Vincent-adventureswithcindi.png\" class=\"attachment-large size-large wp-image-307\" alt=\"\" srcset=\"https:\/\/heartstringsinmotion.org\/wp-content\/uploads\/2026\/01\/Vincent-adventureswithcindi.png 944w, https:\/\/heartstringsinmotion.org\/wp-content\/uploads\/2026\/01\/Vincent-adventureswithcindi-300x169.png 300w, https:\/\/heartstringsinmotion.org\/wp-content\/uploads\/2026\/01\/Vincent-adventureswithcindi-768x434.png 768w, https:\/\/heartstringsinmotion.org\/wp-content\/uploads\/2026\/01\/Vincent-adventureswithcindi-18x10.png 18w\" sizes=\"(max-width: 944px) 100vw, 944px\" \/>\t\t\t\t\t\t\t\t\t\t\t\t\t\t\t<\/div>\n\t\t\t\t<div class=\"elementor-element elementor-element-9117672 elementor-widget elementor-widget-heading\" data-id=\"9117672\" data-element_type=\"widget\" data-e-type=\"widget\" data-widget_type=\"heading.default\">\n\t\t\t\t\t<h2 class=\"elementor-heading-title elementor-size-default\">Voici notre fils Vincent, qui restera toujours jeune de c\u0153ur.<\/h2>\t\t\t\t<\/div>\n\t\t\t\t<div class=\"elementor-element elementor-element-781da2d elementor-widget__width-initial elementor-widget elementor-widget-text-editor\" data-id=\"781da2d\" data-element_type=\"widget\" data-e-type=\"widget\" data-no-translation=\"\" data-widget_type=\"text-editor.default\">\n\t\t\t\t\t\t\t\t\t<p data-path-to-node=\"21\">Sa nature enjou\u00e9e et sa fa\u00e7on unique de voir le monde nous ont ouvert les yeux. Il nous a appris que la connexion humaine ne consiste pas \u00e0 \u00ab entrer dans le moule \u00bb, mais \u00e0 accueillir les autres tels qu&#8217;ils sont. Il nous a enseign\u00e9 la patience, l&#8217;empathie et l&#8217;amour inconditionnel, nous rappelant de trouver la joie dans les moments simples. Gr\u00e2ce \u00e0 lui, nous voyons le monde sans jugement, conscients que chaque personne m\u00e9rite d&#8217;\u00eatre vue, respect\u00e9e et incluse pour ce qu&#8217;elle est, de l&#8217;int\u00e9rieur vers l&#8217;ext\u00e9rieur.<\/p>\n<p data-path-to-node=\"22\">Chaque parent et chaque futur locataire de nos studios aura une histoire aussi unique que la n\u00f4tre. Nous avons h\u00e2te de partager avec vous l&#8217;impact positif de tous ceux qui feront partie de ce carrefour communautaire.<\/p>\n<p data-path-to-node=\"23\"><i data-path-to-node=\"23\" data-index-in-node=\"0\">\u00ab Ce r\u00eave de carrefour communautaire comprenant 20 studios avec soutien n&#8217;est pas une question de &#8220;si&#8221;, mais de &#8220;quand&#8221;. Avec votre aide, rien ne pourra nous arr\u00eater. Merci de faire partie de cette histoire qui s&#8217;\u00e9crit maintenant. \u00bb<\/i><\/p>\n<p><strong>\u2014 SUSAN ROBICHAUD<\/strong><br>Parent | Proche aidante | Porte-parole<br>Fondatrice \u2014&nbsp;<strong><i>Heart Strings In Motion<\/i><\/strong><\/p>\t\t\t\t\t\t\t\t<\/div>\n\t\t\t\t\t<\/div>\n\t\t\t\t<\/div>\n\t\t\t\t<\/div>","protected":false},"excerpt":{"rendered":"<p>Parce que les parents ne sont pas cens\u00e9s \u00eatre des proches aidants pour toujours ! Mon nom est Susan, et voici ma famille sur la photo. Mon mari Paul et moi faisons partie de cette population vieillissante de parents et de proches aidants ici au Nouveau-Brunswick, principalement dans la r\u00e9gion du Grand Moncton et des [&hellip;]<\/p>\n","protected":false},"author":1,"featured_media":0,"parent":0,"menu_order":0,"comment_status":"closed","ping_status":"closed","template":"elementor_canvas","meta":{"footnotes":""},"class_list":["post-304","page","type-page","status-publish","hentry"],"_links":{"self":[{"href":"https:\/\/heartstringsinmotion.org\/fr\/wp-json\/wp\/v2\/pages\/304","targetHints":{"allow":["GET"]}}],"collection":[{"href":"https:\/\/heartstringsinmotion.org\/fr\/wp-json\/wp\/v2\/pages"}],"about":[{"href":"https:\/\/heartstringsinmotion.org\/fr\/wp-json\/wp\/v2\/types\/page"}],"author":[{"embeddable":true,"href":"https:\/\/heartstringsinmotion.org\/fr\/wp-json\/wp\/v2\/users\/1"}],"replies":[{"embeddable":true,"href":"https:\/\/heartstringsinmotion.org\/fr\/wp-json\/wp\/v2\/comments?post=304"}],"version-history":[{"count":0,"href":"https:\/\/heartstringsinmotion.org\/fr\/wp-json\/wp\/v2\/pages\/304\/revisions"}],"wp:attachment":[{"href":"https:\/\/heartstringsinmotion.org\/fr\/wp-json\/wp\/v2\/media?parent=304"}],"curies":[{"name":"wp","href":"https:\/\/api.w.org\/{rel}","templated":true}]}}