{"id":7,"date":"2026-01-09T19:35:23","date_gmt":"2026-01-09T19:35:23","guid":{"rendered":"https:\/\/heartstringsinmotion.org\/?page_id=7"},"modified":"2026-01-16T12:14:46","modified_gmt":"2026-01-16T12:14:46","slug":"pre-launch","status":"publish","type":"page","link":"https:\/\/heartstringsinmotion.org\/fr\/","title":{"rendered":"pre-launch"},"content":{"rendered":"<div data-elementor-type=\"wp-page\" data-elementor-id=\"7\" class=\"elementor elementor-7\">\n\t\t\t\t<div class=\"elementor-element elementor-element-00190b5 e-flex e-con-boxed e-con e-parent\" data-id=\"00190b5\" data-element_type=\"container\" data-e-type=\"container\">\n\t\t\t\t\t<div class=\"e-con-inner\">\n\t\t<div class=\"elementor-element elementor-element-75bc4ee e-con-full e-flex e-con e-child\" data-id=\"75bc4ee\" data-element_type=\"container\" data-e-type=\"container\">\n\t\t\t\t<div class=\"elementor-element elementor-element-cb8b69b elementor-widget elementor-widget-image\" data-id=\"cb8b69b\" data-element_type=\"widget\" data-e-type=\"widget\" data-no-translation=\"\" data-widget_type=\"image.default\">\n\t\t\t\t\t<style>.elementor-element-cb8b69b{display:none !important}<\/style>\t\t\t\t<\/div>\n\t\t\t\t<div class=\"elementor-element elementor-element-84b6084 elementor-widget elementor-widget-image\" data-id=\"84b6084\" data-element_type=\"widget\" data-e-type=\"widget\" data-no-translation=\"\" data-widget_type=\"image.default\">\n\t\t\t\t\t\t\t\t\t\t\t\t\t\t\t<img fetchpriority=\"high\" decoding=\"async\" width=\"300\" height=\"227\" src=\"https:\/\/heartstringsinmotion.org\/wp-content\/uploads\/2026\/01\/Heartstrings-In-Motion-\u2014-OFFICIAL-LOGO-UPDATED-FRENCH-300x227.png\" class=\"attachment-medium size-medium wp-image-361\" alt=\"\" srcset=\"https:\/\/heartstringsinmotion.org\/wp-content\/uploads\/2026\/01\/Heartstrings-In-Motion-\u2014-OFFICIAL-LOGO-UPDATED-FRENCH-300x227.png 300w, https:\/\/heartstringsinmotion.org\/wp-content\/uploads\/2026\/01\/Heartstrings-In-Motion-\u2014-OFFICIAL-LOGO-UPDATED-FRENCH-1024x773.png 1024w, https:\/\/heartstringsinmotion.org\/wp-content\/uploads\/2026\/01\/Heartstrings-In-Motion-\u2014-OFFICIAL-LOGO-UPDATED-FRENCH-768x580.png 768w, https:\/\/heartstringsinmotion.org\/wp-content\/uploads\/2026\/01\/Heartstrings-In-Motion-\u2014-OFFICIAL-LOGO-UPDATED-FRENCH-1536x1160.png 1536w, https:\/\/heartstringsinmotion.org\/wp-content\/uploads\/2026\/01\/Heartstrings-In-Motion-\u2014-OFFICIAL-LOGO-UPDATED-FRENCH-2048x1547.png 2048w, https:\/\/heartstringsinmotion.org\/wp-content\/uploads\/2026\/01\/Heartstrings-In-Motion-\u2014-OFFICIAL-LOGO-UPDATED-FRENCH-16x12.png 16w\" sizes=\"(max-width: 300px) 100vw, 300px\" \/>\t\t\t\t\t\t\t\t\t\t\t\t\t\t\t<\/div>\n\t\t\t\t<\/div>\n\t\t\t\t\t<\/div>\n\t\t\t\t<\/div>\n\t\t<div class=\"elementor-element elementor-element-794b7df e-flex e-con-boxed e-con e-parent\" data-id=\"794b7df\" data-element_type=\"container\" data-e-type=\"container\">\n\t\t\t\t\t<div class=\"e-con-inner\">\n\t\t<div class=\"elementor-element elementor-element-ae4edb4 e-con-full e-flex e-con e-child\" data-id=\"ae4edb4\" data-element_type=\"container\" data-e-type=\"container\">\n\t\t\t\t<div class=\"elementor-element elementor-element-b507c1e elementor-align-center elementor-widget elementor-widget-button\" data-id=\"b507c1e\" data-element_type=\"widget\" data-e-type=\"widget\" data-widget_type=\"button.default\">\n\t\t\t\t\t\t\t\t\t\t<a class=\"elementor-button elementor-button-link elementor-size-sm\" href=\"#dream-reve\">\n\t\t\t\t\t\t<span class=\"elementor-button-content-wrapper\">\n\t\t\t\t\t\t\t\t\t<span class=\"elementor-button-text\">Notre r\u00eave<\/span>\n\t\t\t\t\t<\/span>\n\t\t\t\t\t<\/a>\n\t\t\t\t\t\t\t\t<\/div>\n\t\t\t\t<\/div>\n\t\t<div class=\"elementor-element elementor-element-939a9f6 e-con-full e-flex e-con e-child\" data-id=\"939a9f6\" data-element_type=\"container\" data-e-type=\"container\">\n\t\t\t\t<div class=\"elementor-element elementor-element-c19fdec elementor-align-center elementor-widget elementor-widget-button\" data-id=\"c19fdec\" data-element_type=\"widget\" data-e-type=\"widget\" data-widget_type=\"button.default\">\n\t\t\t\t\t\t\t\t\t\t<a class=\"elementor-button elementor-button-link elementor-size-sm\" href=\"#progress\">\n\t\t\t\t\t\t<span class=\"elementor-button-content-wrapper\">\n\t\t\t\t\t\t\t\t\t<span class=\"elementor-button-text\">Nos progr\u00e8s<\/span>\n\t\t\t\t\t<\/span>\n\t\t\t\t\t<\/a>\n\t\t\t\t\t\t\t\t<\/div>\n\t\t\t\t<\/div>\n\t\t<div class=\"elementor-element elementor-element-cf05ef3 e-con-full e-flex e-con e-child\" data-id=\"cf05ef3\" data-element_type=\"container\" data-e-type=\"container\">\n\t\t\t\t<div class=\"elementor-element elementor-element-028632a elementor-align-center elementor-widget elementor-widget-button\" data-id=\"028632a\" data-element_type=\"widget\" data-e-type=\"widget\" data-widget_type=\"button.default\">\n\t\t\t\t\t\t\t\t\t\t<a class=\"elementor-button elementor-button-link elementor-size-sm\" href=\"#impact\" target=\"_blank\">\n\t\t\t\t\t\t<span class=\"elementor-button-content-wrapper\">\n\t\t\t\t\t\t\t\t\t<span class=\"elementor-button-text\">Notre impact<\/span>\n\t\t\t\t\t<\/span>\n\t\t\t\t\t<\/a>\n\t\t\t\t\t\t\t\t<\/div>\n\t\t\t\t<\/div>\n\t\t<div class=\"elementor-element elementor-element-c71539d e-con-full e-flex e-con e-child\" data-id=\"c71539d\" data-element_type=\"container\" data-e-type=\"container\">\n\t\t\t\t<div class=\"elementor-element elementor-element-0421bc4 elementor-align-center elementor-widget elementor-widget-button\" data-id=\"0421bc4\" data-element_type=\"widget\" data-e-type=\"widget\" data-widget_type=\"button.default\">\n\t\t\t\t\t\t\t\t\t\t<a class=\"elementor-button elementor-button-link elementor-size-sm\" href=\"https:\/\/heartstringsinmotion.org\/fr\/gofundme-fr\/\" target=\"_blank\">\n\t\t\t\t\t\t<span class=\"elementor-button-content-wrapper\">\n\t\t\t\t\t\t\t\t\t<span class=\"elementor-button-text\">D\u00e9couvrir et Soutenir<\/span>\n\t\t\t\t\t<\/span>\n\t\t\t\t\t<\/a>\n\t\t\t\t\t\t\t\t<\/div>\n\t\t\t\t<\/div>\n\t\t\t\t\t<\/div>\n\t\t\t\t<\/div>\n\t\t<div class=\"elementor-element elementor-element-a42f77c e-flex e-con-boxed e-con e-parent\" data-id=\"a42f77c\" data-element_type=\"container\" data-e-type=\"container\" data-settings=\"{&quot;background_background&quot;:&quot;classic&quot;}\">\n\t\t\t\t\t<div class=\"e-con-inner\">\n\t\t<div class=\"elementor-element elementor-element-1bed6b1 e-con-full e-flex e-con e-child\" data-id=\"1bed6b1\" data-element_type=\"container\" data-e-type=\"container\">\n\t\t\t\t<div class=\"elementor-element elementor-element-e2ec89a elementor-widget__width-initial elementor-widget elementor-widget-heading\" data-id=\"e2ec89a\" data-element_type=\"widget\" data-e-type=\"widget\" data-widget_type=\"heading.default\">\n\t\t\t\t\t<h2 class=\"elementor-heading-title elementor-size-default\">Et apr\u00e8s nous, qui assurera la joie et la s\u00e9curit\u00e9 de nos enfants d\u00e9pendants \u00e0 vie ?<\/h2>\t\t\t\t<\/div>\n\t\t\t\t<div class=\"elementor-element elementor-element-27bfa46 elementor-widget elementor-widget-text-editor\" data-id=\"27bfa46\" data-element_type=\"widget\" data-e-type=\"widget\" data-widget_type=\"text-editor.default\">\n\t\t\t\t\t\t\t\t\t<p>Pendant des ann\u00e9es, nous avons \u00e9t\u00e9 les principaux d\u00e9fenseurs de nos proches \u2014 des individus qui poss\u00e8dent l'apparence physique d'adultes, mais qui naviguent dans le monde avec le c\u0153ur tendre et la logique d'un enfant.<br \/><br \/><i>Cette campagne de financement est motiv\u00e9e par l'incertitude constante qui hante tous les parents et proches aidants vieillissants.<\/i><\/p>\t\t\t\t\t\t\t\t<\/div>\n\t\t\t\t<\/div>\n\t\t<div class=\"elementor-element elementor-element-f0fb569 e-con-full e-flex e-con e-child\" data-id=\"f0fb569\" data-element_type=\"container\" data-e-type=\"container\">\n\t\t\t\t<div class=\"elementor-element elementor-element-f7fd865 elementor-widget elementor-widget-image\" data-id=\"f7fd865\" data-element_type=\"widget\" data-e-type=\"widget\" data-widget_type=\"image.default\">\n\t\t\t\t\t\t\t\t\t\t\t\t\t\t\t<img decoding=\"async\" width=\"1290\" height=\"728\" src=\"https:\/\/heartstringsinmotion.org\/wp-content\/uploads\/2026\/01\/Vincent-blowing-bubles.jpg\" class=\"attachment-full size-full wp-image-10\" alt=\"\" srcset=\"https:\/\/heartstringsinmotion.org\/wp-content\/uploads\/2026\/01\/Vincent-blowing-bubles.jpg 1290w, https:\/\/heartstringsinmotion.org\/wp-content\/uploads\/2026\/01\/Vincent-blowing-bubles-300x169.jpg 300w, https:\/\/heartstringsinmotion.org\/wp-content\/uploads\/2026\/01\/Vincent-blowing-bubles-1024x578.jpg 1024w, https:\/\/heartstringsinmotion.org\/wp-content\/uploads\/2026\/01\/Vincent-blowing-bubles-768x433.jpg 768w\" sizes=\"(max-width: 1290px) 100vw, 1290px\" \/>\t\t\t\t\t\t\t\t\t\t\t\t\t\t\t<\/div>\n\t\t\t\t<\/div>\n\t\t\t\t\t<\/div>\n\t\t\t\t<\/div>\n\t\t<div class=\"elementor-element elementor-element-e4fcbf2 e-flex e-con-boxed e-con e-parent\" data-id=\"e4fcbf2\" data-element_type=\"container\" data-e-type=\"container\">\n\t\t\t\t\t<div class=\"e-con-inner\">\n\t\t\t\t<div class=\"elementor-element elementor-element-bdf20a1 elementor-widget elementor-widget-menu-anchor\" data-id=\"bdf20a1\" data-element_type=\"widget\" data-e-type=\"widget\" data-widget_type=\"menu-anchor.default\">\n\t\t\t\t\t\t\t<div class=\"elementor-menu-anchor\" id=\"dream-reve\"><\/div>\n\t\t\t\t\t\t<\/div>\n\t\t\t\t<div class=\"elementor-element elementor-element-6197e01 elementor-widget__width-inherit elementor-widget elementor-widget-heading\" data-id=\"6197e01\" data-element_type=\"widget\" data-e-type=\"widget\" data-widget_type=\"heading.default\">\n\t\t\t\t\t<h2 class=\"elementor-heading-title elementor-size-default\">Nous n'avons pas seulement r\u00eav\u00e9 de ce projet ; nous le vivons. <\/h2>\t\t\t\t<\/div>\n\t\t\t\t<div class=\"elementor-element elementor-element-3da1688 elementor-widget__width-initial elementor-widget elementor-widget-text-editor\" data-id=\"3da1688\" data-element_type=\"widget\" data-e-type=\"widget\" data-widget_type=\"text-editor.default\">\n\t\t\t\t\t\t\t\t\t<p>Nous voyons bien que chacun fait de son mieux avec les ressources disponibles au sein de nos syst\u00e8mes de soutien sp\u00e9cialis\u00e9s. <strong data-path-to-node=\"6\" data-index-in-node=\"159\">Heart Strings In Motion<\/strong> vise tout simplement \u00e0 retenir le meilleur de ce qui existe d\u00e9j\u00e0 afin de renforcer tout le reste pour nos enfants chronologiquement matures, mais au d\u00e9veloppement vuln\u00e9rable.<\/p><p>These are the individuals who have outgrown the school system but will always require 24\/7 support and protection. Yet, when they are surrounded by people who genuinely &#8220;get&#8221; them, our children have so much to teach the world about joy, presence, and connection. We aren\u2019t just looking for a &#8220;placement&#8221; for them; we are seeking an environment where they can <span data-path-to-node=\"6\" data-index-in-node=\"327\">experience a true sense of belonging, respect,<\/span> and be valued for the unique contribution they bring to our community.<\/p>\t\t\t\t\t\t\t\t<\/div>\n\t\t\t\t\t<\/div>\n\t\t\t\t<\/div>\n\t\t<div class=\"elementor-element elementor-element-0733d7f e-flex e-con-boxed e-con e-parent\" data-id=\"0733d7f\" data-element_type=\"container\" data-e-type=\"container\">\n\t\t\t\t\t<div class=\"e-con-inner\">\n\t\t\t\t<div class=\"elementor-element elementor-element-1e7d385 elementor-widget elementor-widget-heading\" data-id=\"1e7d385\" data-element_type=\"widget\" data-e-type=\"widget\" data-widget_type=\"heading.default\">\n\t\t\t\t\t<h2 class=\"elementor-heading-title elementor-size-default\">Un lieu pour s'\u00e9panouir, une vie \u00e0 son image.<\/h2>\t\t\t\t<\/div>\n\t\t\t\t\t<\/div>\n\t\t\t\t<\/div>\n\t\t<div class=\"elementor-element elementor-element-8c7f55c e-flex e-con-boxed e-con e-parent\" data-id=\"8c7f55c\" data-element_type=\"container\" data-e-type=\"container\">\n\t\t\t\t\t<div class=\"e-con-inner\">\n\t\t<div class=\"elementor-element elementor-element-cf7b0f9 e-con-full e-flex e-con e-child\" data-id=\"cf7b0f9\" data-element_type=\"container\" data-e-type=\"container\" data-settings=\"{&quot;background_background&quot;:&quot;classic&quot;}\">\n\t\t\t\t<div class=\"elementor-element elementor-element-5a10d25 elementor-widget elementor-widget-text-editor\" data-id=\"5a10d25\" data-element_type=\"widget\" data-e-type=\"widget\" data-widget_type=\"text-editor.default\">\n\t\t\t\t\t\t\t\t\t<p>CONCEPTION INITIALE \u2014 \u00c9BAUCHE SEULEMENT <br \/>\u2014 NON CONFORME POUR LA CONSTRUCTION \u2014\u00a0<\/p>\t\t\t\t\t\t\t\t<\/div>\n\t\t\t\t<div class=\"elementor-element elementor-element-6679515 elementor-widget elementor-widget-image\" data-id=\"6679515\" data-element_type=\"widget\" data-e-type=\"widget\" data-widget_type=\"image.default\">\n\t\t\t\t\t\t\t\t\t\t\t\t\t\t\t<img decoding=\"async\" width=\"1024\" height=\"698\" src=\"https:\/\/heartstringsinmotion.org\/wp-content\/uploads\/2026\/01\/Prelimnary-Design-1024x698.png\" class=\"attachment-large size-large wp-image-229\" alt=\"\" srcset=\"https:\/\/heartstringsinmotion.org\/wp-content\/uploads\/2026\/01\/Prelimnary-Design-1024x698.png 1024w, https:\/\/heartstringsinmotion.org\/wp-content\/uploads\/2026\/01\/Prelimnary-Design-300x204.png 300w, https:\/\/heartstringsinmotion.org\/wp-content\/uploads\/2026\/01\/Prelimnary-Design-768x523.png 768w, https:\/\/heartstringsinmotion.org\/wp-content\/uploads\/2026\/01\/Prelimnary-Design-1536x1046.png 1536w, https:\/\/heartstringsinmotion.org\/wp-content\/uploads\/2026\/01\/Prelimnary-Design-18x12.png 18w, https:\/\/heartstringsinmotion.org\/wp-content\/uploads\/2026\/01\/Prelimnary-Design.png 1970w\" sizes=\"(max-width: 1024px) 100vw, 1024px\" \/>\t\t\t\t\t\t\t\t\t\t\t\t\t\t\t<\/div>\n\t\t\t\t<div class=\"elementor-element elementor-element-fd78b6e elementor-widget elementor-widget-text-editor\" data-id=\"fd78b6e\" data-element_type=\"widget\" data-e-type=\"widget\" data-widget_type=\"text-editor.default\">\n\t\t\t\t\t\t\t\t\t<p>De la conception initiale \u00e0 la repr\u00e9sentation num\u00e9rique, cette <strong>id\u00e9e<\/strong> sera adapt\u00e9 et d\u00e9velopp\u00e9 professionnellement en collaboration avec des expertises psychologiques et architecturales. Cela garantira un r\u00e9sultat final conforme aux normes gouvernementales qui refl\u00e8te l'\u00e9volution de notre vision.<\/p>\t\t\t\t\t\t\t\t<\/div>\n\t\t\t\t<\/div>\n\t\t<div class=\"elementor-element elementor-element-e570974 e-con-full e-flex e-con e-child\" data-id=\"e570974\" data-element_type=\"container\" data-e-type=\"container\">\n\t\t\t\t<div class=\"elementor-element elementor-element-0f08f5a elementor-widget elementor-widget-menu-anchor\" data-id=\"0f08f5a\" data-element_type=\"widget\" data-e-type=\"widget\" data-widget_type=\"menu-anchor.default\">\n\t\t\t\t\t\t\t<div class=\"elementor-menu-anchor\" id=\"progress\"><\/div>\n\t\t\t\t\t\t<\/div>\n\t\t\t\t<div class=\"elementor-element elementor-element-f749c38 elementor-widget elementor-widget-text-editor\" data-id=\"f749c38\" data-element_type=\"widget\" data-e-type=\"widget\" data-widget_type=\"text-editor.default\">\n\t\t\t\t\t\t\t\t\t<p>En faisant \u00e9voluer nos id\u00e9es pr\u00e9liminaires, nos experts collaborent activement \u00e0 la pr\u00e9paration des \u00e9l\u00e9ments n\u00e9cessaires \u00e0 l'architecture officielle et aux mod\u00e9lisations 3D de notre premier b\u00e2timent communautaire \u00ab Dual-Pod \u00bb. Ce mod\u00e8le innovateur et compassionnel offrira des appartements en format studio avec soutien, adapt\u00e9s aux besoins sensoriels, incluant un filet de s\u00e9curit\u00e9 permanent. Notre but : garantir que nos proches ne soient jamais simplement \u00ab plac\u00e9s \u00bb, mais qu'ils puissent s'\u00e9panouir avec dignit\u00e9 dans un chez-soi bien \u00e0 eux.<\/p><p data-path-to-node=\"8\">Pour eux, cette solution sera synonyme de libert\u00e9 \u2014 la joie toute simple d'entrer dans leur propre studio, con\u00e7u et adatp\u00e9 pour leurs besoins uniques. Pour nous, c'est la paix d'esprit de savoir qu'un cercle de protection les accompagne en tout temps, discret pour eux, mais toujours pr\u00e9sent.<\/p><p data-path-to-node=\"8\">Notre objectif est de cr\u00e9er un esprit de voisinage o\u00f9 tout le monde se conna\u00eet \u2014 un milieu de vie chaleureux offrant des espaces individuels o\u00f9 nos enfants peuvent s'\u00e9panouir \u00e0 leur propre rythme, prot\u00e9g\u00e9s par un filet de s\u00e9curit\u00e9 permanent. En offrant ce point d'ancrage, nous permettons enfin aux parents et aux proches aidants de reprendre leur souffle, de sortir de la gestion de crise quotidienne et de retrouver le simple bonheur d'\u00eatre, avant tout, une famille.<\/p>\t\t\t\t\t\t\t\t<\/div>\n\t\t\t\t<\/div>\n\t\t\t\t\t<\/div>\n\t\t\t\t<\/div>\n\t\t<div class=\"elementor-element elementor-element-5b54259 e-flex e-con-boxed e-con e-parent\" data-id=\"5b54259\" data-element_type=\"container\" data-e-type=\"container\" data-settings=\"{&quot;background_background&quot;:&quot;classic&quot;}\">\n\t\t\t\t\t<div class=\"e-con-inner\">\n\t\t<div class=\"elementor-element elementor-element-9c92a8e e-con-full e-flex e-con e-child\" data-id=\"9c92a8e\" data-element_type=\"container\" data-e-type=\"container\">\n\t\t\t\t<div class=\"elementor-element elementor-element-f622886 elementor-widget elementor-widget-html\" data-id=\"f622886\" data-element_type=\"widget\" data-e-type=\"widget\" data-no-translation=\"\" data-widget_type=\"html.default\">\n\t\t\t\t\t<style>.elementor-element-f622886{display:none !important}<\/style>\t\t\t\t<\/div>\n\t\t\t\t<div class=\"elementor-element elementor-element-19ef364 elementor-widget elementor-widget-html\" data-id=\"19ef364\" data-element_type=\"widget\" data-e-type=\"widget\" data-no-translation=\"\" data-widget_type=\"html.default\">\n\t\t\t\t\t<iframe src=\"https:\/\/app.cyberimpact.com\/clients\/60177\/subscribe-forms\/D9E9FE1B-B33A-41F8-AA4C-D196CFA5C651\" width=\"500\" height=\"575\" frameborder=\"0\" marginheight=\"0\" marginwidth=\"0\" scrolling=\"auto\"><\/iframe>\t\t\t\t<\/div>\n\t\t\t\t<\/div>\n\t\t<div class=\"elementor-element elementor-element-06f8c4d e-con-full e-flex e-con e-child\" data-id=\"06f8c4d\" data-element_type=\"container\" data-e-type=\"container\">\n\t\t<div class=\"elementor-element elementor-element-daccee5 e-con-full e-flex e-con e-child\" data-id=\"daccee5\" data-element_type=\"container\" data-e-type=\"container\">\n\t\t\t\t<div class=\"elementor-element elementor-element-23bd4f6 elementor-widget elementor-widget-menu-anchor\" data-id=\"23bd4f6\" data-element_type=\"widget\" data-e-type=\"widget\" data-widget_type=\"menu-anchor.default\">\n\t\t\t\t\t\t\t<div class=\"elementor-menu-anchor\" id=\"impact\"><\/div>\n\t\t\t\t\t\t<\/div>\n\t\t\t\t<div class=\"elementor-element elementor-element-07c6b44 elementor-align-left elementor-widget elementor-widget-button\" data-id=\"07c6b44\" data-element_type=\"widget\" data-e-type=\"widget\" data-widget_type=\"button.default\">\n\t\t\t\t\t\t\t\t\t\t<a class=\"elementor-button elementor-button-link elementor-size-sm\" href=\"https:\/\/heartstringsinmotion.org\/fr\/gofundme-fr\/\" target=\"_blank\">\n\t\t\t\t\t\t<span class=\"elementor-button-content-wrapper\">\n\t\t\t\t\t\t\t\t\t<span class=\"elementor-button-text\">Savoir plus et Faire un don<\/span>\n\t\t\t\t\t<\/span>\n\t\t\t\t\t<\/a>\n\t\t\t\t\t\t\t\t<\/div>\n\t\t\t\t<div class=\"elementor-element elementor-element-6c21093 elementor-widget__width-initial elementor-widget elementor-widget-text-editor\" data-id=\"6c21093\" data-element_type=\"widget\" data-e-type=\"widget\" data-widget_type=\"text-editor.default\">\n\t\t\t\t\t\t\t\t\t<p><b>Veuillez noter : <\/b>Heart Strings In Motion est actuellement en processus d'enregistrement pour obtenir le statut officiel d'organisme de bienfaisance. Les dons sont accept\u00e9s via&nbsp;<a href=\"https:\/\/heartstringsinmotion.org\/fr\/gofundme-fr\/\" target=\"_blank\" rel=\"noopener\"><i><b>GoFundMe<\/b><\/i><\/a>&nbsp;et ne sont pas encore d\u00e9ductibles d'imp\u00f4t.<\/p>\n<p>Votre support aujourd\u2019hui est essentiel : il nous aide \u00e0 couvrir les co\u00fbts de fondation pour la construction de notre Carrefour Communautaire \u00e0 deux pavillons, comprenant 20 studios avec services de soutien.&nbsp;<i>Supported Studio&nbsp; Apartments.<\/i><\/p>\t\t\t\t\t\t\t\t<\/div>\n\t\t\t\t<div class=\"elementor-element elementor-element-a05621f elementor-widget__width-initial elementor-widget elementor-widget-text-editor\" data-id=\"a05621f\" data-element_type=\"widget\" data-e-type=\"widget\" data-no-translation=\"\" data-widget_type=\"text-editor.default\">\n\t\t\t\t\t\t\t\t\t<p><a href=\"https:\/\/heartstringsinmotion.org\/fr\/gofundme-fr\/\" target=\"_blank\" rel=\"noopener\"><strong>\u00ab\u00a0<\/strong>Pour lire l&#8217;histoire compl\u00e8te de notre campagne en fran\u00e7ais, cliquez ici.<strong>\u00a0\u00bb<\/strong><\/a><\/p>\t\t\t\t\t\t\t\t<\/div>\n\t\t\t\t<\/div>\n\t\t\t\t<\/div>\n\t\t\t\t\t<\/div>\n\t\t\t\t<\/div>\n\t\t<div class=\"elementor-element elementor-element-7abc00c e-flex e-con-boxed e-con e-parent\" data-id=\"7abc00c\" data-element_type=\"container\" data-e-type=\"container\" data-settings=\"{&quot;background_background&quot;:&quot;classic&quot;}\">\n\t\t\t\t\t<div class=\"e-con-inner\">\n\t\t\t\t<div class=\"elementor-element elementor-element-23a5873 elementor-widget__width-initial elementor-widget elementor-widget-text-editor\" data-id=\"23a5873\" data-element_type=\"widget\" data-e-type=\"widget\" data-widget_type=\"text-editor.default\">\n\t\t\t\t\t\t\t\t\t<p><a href=\"https:\/\/www.susanrobichaud.ca\/\" target=\"_blank\" rel=\"noopener\">\u00a9 2026\u00a0 A Purpose-Driven Impact Powered by Susan Robichaud International. All Rights Reserved.<\/a><\/p>\t\t\t\t\t\t\t\t<\/div>\n\t\t\t\t\t<\/div>\n\t\t\t\t<\/div>\n\t\t\t\t<\/div>","protected":false},"excerpt":{"rendered":"<p>Our Dream Our Progress Our Impact Discover &amp; Donate What happens next for our forever-dependent children when we are gone? For years, we have been the primary advocates for our loved ones\u2014individuals who carry the physical presence of adults with the gentle hearts and logic of children. This fundraising campaign is driven by the constant [&hellip;]<\/p>\n","protected":false},"author":1,"featured_media":0,"parent":0,"menu_order":0,"comment_status":"closed","ping_status":"closed","template":"elementor_canvas","meta":{"footnotes":""},"class_list":["post-7","page","type-page","status-publish","hentry"],"_links":{"self":[{"href":"https:\/\/heartstringsinmotion.org\/fr\/wp-json\/wp\/v2\/pages\/7","targetHints":{"allow":["GET"]}}],"collection":[{"href":"https:\/\/heartstringsinmotion.org\/fr\/wp-json\/wp\/v2\/pages"}],"about":[{"href":"https:\/\/heartstringsinmotion.org\/fr\/wp-json\/wp\/v2\/types\/page"}],"author":[{"embeddable":true,"href":"https:\/\/heartstringsinmotion.org\/fr\/wp-json\/wp\/v2\/users\/1"}],"replies":[{"embeddable":true,"href":"https:\/\/heartstringsinmotion.org\/fr\/wp-json\/wp\/v2\/comments?post=7"}],"version-history":[{"count":45,"href":"https:\/\/heartstringsinmotion.org\/fr\/wp-json\/wp\/v2\/pages\/7\/revisions"}],"predecessor-version":[{"id":455,"href":"https:\/\/heartstringsinmotion.org\/fr\/wp-json\/wp\/v2\/pages\/7\/revisions\/455"}],"wp:attachment":[{"href":"https:\/\/heartstringsinmotion.org\/fr\/wp-json\/wp\/v2\/media?parent=7"}],"curies":[{"name":"wp","href":"https:\/\/api.w.org\/{rel}","templated":true}]}}